{"id":837,"date":"2022-06-13T09:06:46","date_gmt":"2022-06-13T07:06:46","guid":{"rendered":"https:\/\/unimuse.net\/?page_id=837"},"modified":"2025-01-27T13:40:30","modified_gmt":"2025-01-27T12:40:30","slug":"historique-2","status":"publish","type":"page","link":"https:\/\/unimuse.net\/index.php\/historique-2\/","title":{"rendered":"Histoire"},"content":{"rendered":"\t\t<div data-elementor-type=\"wp-post\" data-elementor-id=\"837\" class=\"elementor elementor-837\">\n\t\t\t\t\t\t<section class=\"elementor-section elementor-top-section elementor-element elementor-element-7ac9ca5 elementor-section-boxed elementor-section-height-default elementor-section-height-default\" data-id=\"7ac9ca5\" data-element_type=\"section\" data-e-type=\"section\" data-settings=\"{&quot;background_background&quot;:&quot;classic&quot;}\">\n\t\t\t\t\t\t\t<div class=\"elementor-background-overlay\"><\/div>\n\t\t\t\t\t\t\t<div class=\"elementor-container elementor-column-gap-default\">\n\t\t\t\t\t<div class=\"elementor-column elementor-col-100 elementor-top-column elementor-element elementor-element-90988fe\" data-id=\"90988fe\" data-element_type=\"column\" data-e-type=\"column\">\n\t\t\t<div class=\"elementor-widget-wrap elementor-element-populated\">\n\t\t\t\t\t\t<div class=\"elementor-element elementor-element-4a1c612 elementor-widget elementor-widget-heading\" data-id=\"4a1c612\" data-element_type=\"widget\" data-e-type=\"widget\" data-widget_type=\"heading.default\">\n\t\t\t\t<div class=\"elementor-widget-container\">\n\t\t\t\t\t<h1 class=\"elementor-heading-title elementor-size-default\">Histoire d'Unimuse<\/h1>\t\t\t\t<\/div>\n\t\t\t\t<\/div>\n\t\t\t\t\t<\/div>\n\t\t<\/div>\n\t\t\t\t\t<\/div>\n\t\t<\/section>\n\t\t\t\t<section class=\"elementor-section elementor-top-section elementor-element elementor-element-8262e30 elementor-section-content-middle elementor-section-boxed elementor-section-height-default elementor-section-height-default\" data-id=\"8262e30\" data-element_type=\"section\" data-e-type=\"section\">\n\t\t\t\t\t\t\t<div class=\"elementor-background-overlay\"><\/div>\n\t\t\t\t\t\t\t<div class=\"elementor-container elementor-column-gap-no\">\n\t\t\t\t\t<div class=\"elementor-column elementor-col-100 elementor-top-column elementor-element elementor-element-da6ae65\" data-id=\"da6ae65\" data-element_type=\"column\" data-e-type=\"column\">\n\t\t\t<div class=\"elementor-widget-wrap elementor-element-populated\">\n\t\t\t\t\t\t<div class=\"elementor-element elementor-element-9551936 elementor-widget-divider--view-line_text elementor-widget-divider--element-align-left elementor-widget elementor-widget-divider\" data-id=\"9551936\" data-element_type=\"widget\" data-e-type=\"widget\" data-widget_type=\"divider.default\">\n\t\t\t\t<div class=\"elementor-widget-container\">\n\t\t\t\t\t\t\t<div class=\"elementor-divider\">\n\t\t\t<span class=\"elementor-divider-separator\">\n\t\t\t\t\t\t\t<h6 class=\"elementor-divider__text elementor-divider__element\">\n\t\t\t\tHistorique\t\t\t\t<\/h6>\n\t\t\t\t\t\t<\/span>\n\t\t<\/div>\n\t\t\t\t\t\t<\/div>\n\t\t\t\t<\/div>\n\t\t\t\t<div class=\"elementor-element elementor-element-b0fabca elementor-widget elementor-widget-image-box\" data-id=\"b0fabca\" data-element_type=\"widget\" data-e-type=\"widget\" data-widget_type=\"image-box.default\">\n\t\t\t\t<div class=\"elementor-widget-container\">\n\t\t\t\t\t<div class=\"elementor-image-box-wrapper\"><div class=\"elementor-image-box-content\"><h2 class=\"elementor-image-box-title\">Depuis 1949<\/h2><\/div><\/div>\t\t\t\t<\/div>\n\t\t\t\t<\/div>\n\t\t\t\t<div class=\"elementor-element elementor-element-80ffd08 elementor-widget elementor-widget-text-editor\" data-id=\"80ffd08\" data-element_type=\"widget\" data-e-type=\"widget\" data-widget_type=\"text-editor.default\">\n\t\t\t\t<div class=\"elementor-widget-container\">\n\t\t\t\t\t\t\t\t\t<h4>Pr\u00e9mices\u00a0<\/h4><p>1949. Deux Fran\u00e7ais vivant \u00e0 Tournai, Robert-Lucien Geeraert (1925-1984) et Gilbert Delahaye (1923-1997), fondent <em>Jeune Tournay<\/em>, section des <em>Jeunes Po\u00e8tes du Hainaut<\/em>, dont l\u2019objectif est de promouvoir la po\u00e9sie par des r\u00e9citals et de l&rsquo;\u00e9dition. Ils sont rejoints par Maurice G\u00e9rin (1925-1999).<\/p><h4>D\u00e9cennie 1950<\/h4><p>Publication des premi\u00e8res plaquettes de po\u00e9sie. Le groupe s\u2019\u00e9toffe avec la venue de Jacques \u00c9lan (1905-1958), Jean Sti\u00e9non du Pr\u00e9 (1905-1987), Guy Trezel (1925-1980), Marie Nohan (1908-1992), Madeleine Gevers (1903-1995), Rachel Poulart (1921-1989), Paul Mahieu (1925-2005). Un professeur de diction du Conservatoire tournaisien, Robert L\u00e9onard (1924-1990), y adh\u00e8re en tant que r\u00e9citant. <br \/>1952. Cette association prend le nom d\u2019<em>Unimuse<\/em> et Jacques \u00c9lan la pr\u00e9side. Un prix de d\u00e9clamation et un d\u2019\u00e9criture sont cr\u00e9\u00e9s. Lionel Vinche sera un des laur\u00e9ats. Se succ\u00e8dent r\u00e9citals, conf\u00e9rences avec notamment la venue de Jean Rousselot et publications diverses. \u00c0 la mort d\u2019\u00c9lan, Geeraert accepte la pr\u00e9sidence. Outre les recueils individuels, des anthologies sont \u00e9dit\u00e9es\u00a0: <em>Printemps, \u00c9t\u00e9, Automne<\/em> et, la derni\u00e8re, <em>Hiver<\/em> en 1960. En 54, le prix Casterman sera attribu\u00e9 \u00e0 Roger Foulon.<\/p><h4>D\u00e9cennie 1960<\/h4><p>Au cours de ces ann\u00e9es, le groupe se scindera, certains faisant s\u00e9cession suite \u00e0 des diff\u00e9rends associant esth\u00e9tique et morale. Il accueillera par contre de nouvelles recrues\u00a0: Jean-Fran\u00e7ois Hocedez (1931-2018), Louis Sarot (1937-1997), Michel Voiturier (1940), Paul Andr\u00e9 (1940-2008), Colette Nys-Mazure (1939), Michel Franceus (1949), Lucienne Hoyaux (1940-2022), Philippe Lekeuche (1954), Marc Quaghebeur (1947). <br \/>En 1962, Unimuse f\u00eatera l\u2019entr\u00e9e de G\u00e9o Libbrecht (1891-1976) \u00e0 l\u2019Acad\u00e9mie royale de Langue et de Litt\u00e9rature fran\u00e7aises. Bien qu\u2019ext\u00e9rieur au groupe, ce versificateur prolifique natif de la cit\u00e9 des Cinq Clochers joua un r\u00f4le de m\u00e9c\u00e8ne en proposant et finan\u00e7ant l\u2019am\u00e9nagement d\u2019une parcelle r\u00e9serv\u00e9e \u00e0 des po\u00e8tes au cimeti\u00e8re du Mont Saint-Aubert o\u00f9 il est enterr\u00e9\u00a0: le Jardin des Po\u00e8tes. <br \/>Des anthologies se succ\u00e8dent\u00a0: \u00ab\u00a0<em>La nouvelle po\u00e9sie belge d&rsquo;expression fran\u00e7aise<\/em>\u00a0\u00bb (1961), \u00ab\u00a0<em>Les po\u00e8tes face \u00e0 l&rsquo;atome<\/em>\u00a0\u00bb (1965),\u00a0 \u00ab\u00a0<em>Le mysticisme dans la po\u00e9sie fran\u00e7aise contemporaine<\/em>\u00a0\u00bb (1968) tandis que se poursuit la publication de recueils individuels sign\u00e9s aussi bien par des membres que par des po\u00e8tes s\u00e9lectionn\u00e9s.<br \/>L\u2019opportunit\u00e9 de l\u2019existence d\u2019un lieu d\u00e9di\u00e9 \u00e0 des expos contemporaines et \u00e0 des r\u00e9citals intimistes permet \u00e0 Unimuse de s\u2019investir dans <em>Les Soir\u00e9es po\u00e9tiques de l&rsquo;Atelier<\/em> (1967-1976), rue Ch\u00e2teau l\u2019Abbaye, g\u00e9r\u00e9es par Robert L\u00e9onard, qui deviendront plus tard <em>Les mardis de la po\u00e9sie<\/em> \u00e0 la Maison de la Culture de Tournai. Fut, entre autres, mis en valeur le recueil \u00ab\u00a0<em>6 jeunes po\u00e8tes<\/em>\u00a0\u00bb (1969)\u00a0: Jean-Pierre Gu\u00e9vart, Andr\u00e9 Huet, Christian L\u00e9onard, Colette Nys-Mazure, Marc Quaghebeur, Michel Voiturier.<\/p><h4><strong>D\u00e9cennie 1970<\/strong><\/h4><p>En 1975, d\u00e9but de l\u2019annuelle <em>Ducasse aux po\u00e8tes<\/em> qui rassemblera au Mont-Saint-Aubert jusqu\u2019en 1997 des po\u00e8tes venus d\u2019un peu partout pour des agapes et surtout un temps de partages gr\u00e2ce aux lectures de <em>Po\u00e9sie sur l\u2019herbe<\/em>. L\u2019an qui suit voit le d\u00e9but de l\u2019am\u00e9nagement du <em>Chemin des Po\u00e8tes<\/em>, sentier menant vers le cimeti\u00e8re, sur lequel des distiques d\u2019\u00e9crivains francophones sont grav\u00e9s gr\u00e2ce \u00e0 la Ville de Tournai ponctuellement dans des dalles de pierre, d\u2019Henry Bauchau \u00e0 Marguerite Yourcenar en passant par les membres de l\u2019association. <br \/>Il y eut des anthologies critiques consacr\u00e9es \u00e0 des auteurs belges (Verhaeren, Norge, Car\u00eame, Linze, la g\u00e9n\u00e9ration 1920&#8230;) \u00e0 travers une collection intitul\u00e9e <em>Le Miroir des Po\u00e8tes<\/em> ainsi que \u00ab <em>De Jeune Tournay \u00e0 Unimuse<\/em> \u00bb, (1974), \u00ab <em>Po\u00e9sie du Nord<\/em> \u00bb (1977), \u00ab <em>Jeune Tournay 30 ans apr\u00e8s<\/em> \u00bb (1979). Ce dernier floril\u00e8ge coupl\u00e9 avec une exposition d\u2019\u0153uvres d\u2019artistes contemporains en corr\u00e9lation avec des textes r\u00e9unit <em>Peintres et po\u00e8tes<\/em> en la crypte de l\u2019H\u00f4tel de Ville de Tournai. Cette manifestation inaugura des relations privil\u00e9gi\u00e9es entre des plasticiens et des \u00e9crivains, une caract\u00e9ristique de la cr\u00e9ation artistique tournaisienne qui reste d\u2019actualit\u00e9 jusqu\u2019aujourd\u2019hui.<\/p><h4>D\u00e9cennie 1980<\/h4><p>Au d\u00e9c\u00e8s de Robert-Lucien Geeraert en 1984, Gilbert Delahaye assure la pr\u00e9sidence. Na\u00eetra une revue anthologique annuelle <em>Quatuor<\/em> dont l\u2019essentiel de chaque num\u00e9ro est consacr\u00e9 \u00e0 quatre \u00e9crivains. Apr\u00e8s l&rsquo;arriv\u00e9e de Fran\u00e7oise Lison-Leroy (1951), Mich\u00e8le Vilet (1936-2023), Michelle Fourez (1951), Roger Cantraine (1921-2007), Jos\u00e9 Culot (1956-2021) et Jean-Marie Kajdanski (1944), les <em>Chemins de halage<\/em>, seront consacr\u00e9s \u00e0 des nouvelles r\u00e9gionales comme \u00ab <em>Saisons d&rsquo;Escaut<\/em> \u00bb ou \u00ab <em>L\u00e9gendes pour un avenir<\/em> \u00bb , avec la collaboration de la Maison de la Culture. <br \/>En partenariat avec ce centre culturel, les <em>Mardis de la Po\u00e9sie<\/em> et les <em>Animateurs Com\u00e9diens<\/em> devenus ensuite\u00a0<em>Hop sc\u00e8ne th\u00e9\u00e2tre<\/em> produisent des r\u00e9citals comme \u00ab<em>\u00a0Folie Po\u00e9sie<\/em>\u00a0\u00bb (1984), \u00ab\u00a0<em>C\u0153ur \u00e0 corps<\/em>\u00a0\u00bb (1985), \u00ab\u00a0<em>M\u2019man refais-moi donc encore peur\u00a0<\/em>\u00bb (1986), <em>Hors du Plisnier natal<\/em> (1987). Y sont convi\u00e9s des po\u00e8tes comme Werner Lambersy, Gaspard Hons et Jean-Pierre Verheggen. Deux expos de po\u00e8mes-objets \u00e0 la Maison de la Culture en 84 et 86 permettent de mettre en valeur des cr\u00e9ations d\u2019Unimusien(ne)s. Un projet collectif de 88, \u00ab\u00a0<em>Franchises d\u2019auteurs<\/em>\u00a0\u00bb, am\u00e8ne chacun(e) \u00e0 agencer un montage-collage \u00e0 partir d\u2019enveloppes, d\u2019\u00e9l\u00e9ments divers et de mots. Inaugur\u00e9e \u00e0 l\u2019institut des Ursulines \u00e0 Tournai, l\u2019expo circulera ensuite \u00e0 la Maison de la Po\u00e9sie de Beuvry et \u00e0 celle de Namur.<br \/>\u00c0 la pr\u00e9sidence de l\u2019association, Michel Voiturier succ\u00e8de \u00e0 Gilbert Delahaye en 1989. Commencent alors des collaborations avec les ateliers d&rsquo;\u00e9criture de <em>L&rsquo;\u00c9crivanderie<\/em>, des interventions dans des classes \u00e0 Villeneuve d&rsquo;Ascq, Roubaix&#8230;, des \u00e9changes, des participations \u00e0 des salons du livre en Belgique et en France. Plusieurs ann\u00e9es de suite, il y eut coop\u00e9ration avec la Maison de la Po\u00e9sie du Nord Pas-de-Calais\u00a0: co-production \u00e0 Lille du festival <em>Po\u00e9sie sur sc\u00e8ne<\/em> o\u00f9 furent invit\u00e9s notamment Guy Goffette, Philippe Lekeuche sur la sc\u00e8ne des <em>Nuits blanches<\/em>.<br \/>L\u2019\u00e9dition se diversifie quelque peu avec l\u2019\u00e9ph\u00e9m\u00e8re collection <em>Lubies<\/em> en mini format o\u00f9 on retrouve les noms de Werner Lambersy, Vera Feyder, Madeleine Gevers. Une anthologie originale \u00e0 destination des enfants et des ados voit le jour sous le titre explicite de <em>L\u2019Enfance lucide<\/em> (1989). Le prix Casterman 81 va \u00e0 Jacques Gasc pour \u00ab <em>Les diseurs d\u2019oubli<\/em> \u00bb, le 84 \u00e0 Fran\u00e7oise Lison-Leroy pour \u00ab <em>L\u2019Apprivoise<\/em> \u00bb, le 86 \u00e0 Jo\u00eblle Abed pour \u00ab <em>Greniers de haut vent<\/em> \u00bb, le 88 \u00e0 Dominique Sampi\u00e9ro pour \u00ab <em>Pluriel silence<\/em> \u00bb et le 89 \u00e0 Lucien Noullez pour \u00ab <em>Conjugaison de l\u2019atelier<\/em> \u00bb.<\/p><h4>D\u00e9cennie 1990<\/h4><p>Le renouvellement des membres enrichit l\u2019association de la pr\u00e9sence de Paul Roland (1950), Jacques Fournier (1959), Dan Bouchery (1944), Pierre Dailly (), Francine Martin (1953), Marie-Line De Backer(1959), Marianne Kirsch (1953), Bernadette Bodson (1952), Jacky Legge (1957), Marie-Clotilde Roose (1970), Laurent Debut (1953-2014), Michel Cliquet (1947), Christiane Deviaene (1943), Michel Westrade (1950-2017) et la r\u00e9citante Isabelle Spriet (1962). <br \/>Un <em>Mardi de la Po\u00e9sie<\/em>, uniquement r\u00e9serv\u00e9 \u00e0 huit \u00e9crivaines fut prolong\u00e9 par la parution des textes \u00e9crits pour la circonstance\u00a0: \u00ab\u00a0<em>Je ne m\u2019y attendais pas mais elles\u2026<\/em>\u00a0\u00bb et p\u00e9r\u00e9grina \u00e0 Bruxelles, Mouscron, Leuze et Valenciennes. Ces ann\u00e9es sont aussi celles de l\u2019apparition de lectures-spectacles. Une premi\u00e8re exp\u00e9rience \u00ab\u00a0<em>Parcours irr\u00e9guliers<\/em>\u00a0\u00bb, consacr\u00e9e \u00e0 des \u00e9crivains belges singuliers (1991) cr\u00e9\u00e9e au LAAC de Dunkerque et reprise au Fort Art tournaisien (Claude Dochy, Isabelle Spriet, Michel Voiturier). D\u2019autres suivirent en concomitance avec la cr\u00e9ation par les \u2018Amis de Tournai\u2019 en 1998 d\u2019un salon annuel du livre \u00ab<em>\u00a0Tournai la Page\u00a0<\/em>\u00bb. Ainsi \u00ab\u00a0<em>Rodenbach au miroir de lui-m\u00eame<\/em>\u00a0\u00bb (Isabelle Spriet, Michel Voiturier et la flutiste Patricia Gosse). Dans un autre contexte\u00a0: \u00ab\u00a0<em>Souvent femmes pr\u00e9disent<\/em>\u00a0\u00bb avec la collaboration musicale d\u2019\u00c9loi Baudimont (Feignies, Lille\u00a0, Ath, Roisin).<br \/>Sur une partition de Robert Dewasme, en 1994, \u00ab<em>\u00a0L\u2019op\u00e9ra des parapluies<\/em>\u00a0\u00bb de Robert-Lucien Geeraert fut cr\u00e9\u00e9 \u00e0 la Maison de la Culture. Diverses pr\u00e9sentations de po\u00e8tes se d\u00e9roul\u00e8rent dans deux galeries d\u2019art\u00a0: <em>Au Chant des eaux profondes<\/em> et chez <em>Winance-Sabbe<\/em>. Une anthologie, \u00ab\u00a0<em>F\u00eater l\u2019azur\u00a0<\/em>\u00bb, rendit hommage \u00e0 Gilbert Delahaye<br \/>\u00c0 l\u2019initiative de Jacky Legge, membre \u00e0 la fois de la Commission Arbres de la ville de Tournai et d\u2019Unimuse, des auteurs sont invit\u00e9s, en 1999, \u00e0 choisir un des 27 arbres remarquables de la cit\u00e9 et de s\u2019en inspirer pour r\u00e9diger un court texte qui sera int\u00e9gr\u00e9 sur le panneau didactique install\u00e9 \u00e0 son pied. Participent parmi les 27 \u00e9crivains\u00a0: Bodson-Mary, Bouchery, Cliquet, Debut, Fournier, Kirsch, Legge, Lison-Leroy, Nys-Mazure, Robaye, Roland, Roose, Voiturier, Westrade. Une plaquette, \u00ab\u00a0<em>Circuit de d\u00e9couverte d\u2019arbres remarquables Tournai\u00a0<\/em>\u00bb, est \u00e9dit\u00e9e par la Ville. <br \/>\u00c0 la veille de l\u2019an 2000, \u00e9dition avec la Maison de la Culture, la Province de Hainaut, le Minist\u00e8re de la Culture de l\u2019anthologie jubilaire \u00ab\u00a0<em>Unimuse 50 ans\u00a0<\/em>\u00bb comprenant l\u2019historique de l\u2019association par Violaine Lison, un choix de po\u00e8mes des membres, une participation d\u2019artistes plasticiens (Michel Dave, Marie-Line Debliquy, Laurence Dervaux). Elle sera lanc\u00e9e lors d\u2019une exposition de ce trio avec un vernissage \u00e0 la Maison de la Culture \u00e0 l\u2019occasion de <em>L\u2019Art dans la ville<\/em> avec improvisations musicales et vocales par \u00c9loi Baudimont, Patrick Hannapier, Fran\u00e7oise Lison-Leroy et Michel Voiturier. <br \/>Herv\u00e9 Lesage se voit d\u00e9cerner le prix Casterman 90 pour \u00ab <em>La M\u00e9moire douloureuse<\/em> \u00bb, Dominique Stein le 91 pour \u00ab<em> L\u2019\u00c9t\u00e9 en larmes<\/em> \u00bb, Jean-Daniel Robert le 92 pour \u00ab <em>Ces visages que l\u2019on d\u00e9laisse<\/em> \u00bb, Jean Cagnard re\u00e7oit le 93 pour \u00ab<em>L\u2019Ar\u00eate centrale du caillou<\/em> \u00bb, Laurent Robert le 94 pour \u00ab <em>Protocole du seul<\/em> \u00bb, Georges Guillain le 95 pour \u00ab <em>Vignettes<\/em> \u00bb, Nicolas Ancion le 96 pour \u00ab <em>Ces chers vieux monstres<\/em> \u00bb, Jean-Pierre Vallotton le 97 pour \u00ab <em>Images pour Sulamithh W\u00fclfing<\/em> \u00bb, Gilles Pauchon le 98 pour \u00ab <em>Douce paresse de survivre<\/em> \u00bb.<\/p><h4>D\u00e9cennie 2000<\/h4><p>Des lectures-spectacles seront r\u00e9guli\u00e8rement pr\u00e9sent\u00e9es et parfois export\u00e9es, comme un cheminement \u00e0 travers le surr\u00e9alisme belge, \u00ab<em> Fatrasies d\u2019avant-Qui\u00e9vrain<\/em> \u00bb (2001), \u00e0 Lille, Armenti\u00e8res, Roisin, Bruxelles, Guyancourt, Ath, Silly, Li\u00e8ge, Dieppe, Namur, La Bouverie. En 2007 : \u00ab <em>Un papa de Martine \u00e9tait aussi po\u00e8te<\/em> \u00bb va de pair, gr\u00e2ce \u00e0 la Maison de la Culture, avec l\u2019\u00e9dition de la plaquette \u00ab<em>Gilbert Delahaye 1923-1997 : Un po\u00e8te hors du temps dans son temps<\/em> \u00bb (2007) avec des contributions de Jacky Legge, Fran\u00e7oise Lison-Leroy, Michel Voiturier . Viendra ensuite \u00ab <em>La vallonn\u00e9e picarde des po\u00e8tes d\u2019Unimuse<\/em> \u00bb r\u00e9cital de g\u00e9ographie litt\u00e9raire (2009 : Tournai, Mouscron, Ghislenghien). <br \/>Marianne Kirsch succ\u00e8de \u00e0 Michel Voiturier en 2005. L\u2019association s\u2019ouvre davantage \u00e0 des plasticiens. Au fil des ans, de nouveaux membres redynamisent Unimuse. Certains seront passagers mais beaucoup restent et se sont investis : Pascale Loiseau (1958), Fran\u00e7ois Van Dorpe (1957), Jean-Fran\u00e7ois Saudoyez (1977), Delphine G\u00e9rard (), Jean-Fran\u00e7ois Bruneau (1979), Faezy Afchary (1952), Hughes Robaye (), Louise Flipo (1991), Maggy L\u00e9oncelli ()\u2026<br \/>\u00c0 l\u2019occasion du 60e anniversaire d\u2019Unimuse, en 2009, parution de \u00ab <em>Traitmot<\/em> \u00bb , un ouvrage original de textes de membres d\u2019Unimuse et des cr\u00e9ations plastiques : Priscilla Beccarri, Annie Brasseur, Marie-Line Debliquy, Rapha\u00ebl Decoster, Virginie de Limbourg, \u00c9mile Desmedt, Jean-Marc Donnez, Vincent Gagliardi, Bruno G\u00e9rard, Ren\u00e9 Huin, V\u00e9ronique Poppe, Charles Prayez, Christian Rolet, Jean-Claude Saudoyez, Olivier Sonck, Virginie Stricanne, Nin Van Nin, Bern Wery, Alain Winance et Yeung-Fun Yuen.<\/p><h4>D\u00e9cennie 2010<\/h4><p>Con\u00e7u d\u2019apr\u00e8s une suggestion de Fran\u00e7oise Lison-Leroy, \u00ab <em>La po\u00e9sie habite au 21<\/em> \u00bb rend un hommage amus\u00e9 au genre policier en 2014 \u00e0 \u2018Tournai la page\u2019 et aux portes ouvertes du Palais de Justice tournaisien ; en 2015 \u00e0 Roisin lors de la rencontre annuelle des \u00e9crivains du Hainaut ; en 2015 aux biblioth\u00e8ques de Mouscron et de Bl\u00e9haries ; en 2017 \u00e0 la Maison Losseau de Mons (mise en sc\u00e8ne et jeu : Jean-Fran\u00e7ois Saudoyez, accompagn\u00e9 de Francine Martin, Paul Roland, Isabelle Spriet, Michel Voiturier). Les textes seront publi\u00e9s aux \u00e9ditions \u2018Castor in\u00e9branlable\u2019.<br \/>Suivra en 2015 \u00ab\u00a0<em>Des mots \u00e0 savourer et des vers \u00e0 fluter\u00a0<\/em>\u00bb sur le th\u00e8me de la gastronomie, \u00e0 Roisin, \u00e0 \u2018Tournai la page\u2019, \u00e0 la biblioth\u00e8que de Comines, \u00e0 la Maison de la Po\u00e9sie de Beuvry, \u00e0 la guinguette litt\u00e9raire de la Maison Losseau (avec Jean-Fran\u00e7ois Saudoyez, Isabelle Spriet, Michel Voiturier). Une version adapt\u00e9e, sous le titre \u00ab\u00a0<em>Des Mets et des Mots\u00a0<\/em>\u00bb, sera interpr\u00e9t\u00e9e pour les convives d\u2019un repas au restaurant <em>La Petite madeleine<\/em> \u00e0 l\u2019occasion de Tournai Ville en Po\u00e9sie (2017). <br \/>\u00ab<em>\u00a0Floril\u00e8ge d\u2019exils et d\u2019esp\u00e9rance\u00a0<\/em>\u00bb sur la th\u00e9matique des migrants est une commande de la Maison internationale qui voit le jour en 19 (Jean-F\u00e9lix Dressen, Isabelle Spriet, Michel Voiturier et les musiciens Salimata Diabat\u00e9, Issiaka Koita et Hughes Adam). Une partie de ce r\u00e9cital sera int\u00e9gr\u00e9e \u00e0 une participation au th\u00e8me \u2018<em>Fronti\u00e8re<\/em>\u2019 du Printemps des Po\u00e8tes en 2023 sous l\u2019intitul\u00e9 \u00ab<em>\u00a0Perfidies de la fronti\u00e8re \u2013 D\u2019Exil et d\u2019esp\u00e9rance<\/em>\u00a0\u00bb et actualis\u00e9 par des po\u00e8mes d\u2019Ukraine (Isabelle Spriet, Michel Voiturier et les flutistes Jade Dumont et Aurore Maquet)<\/p>\t\t\t\t\t\t\t\t<\/div>\n\t\t\t\t<\/div>\n\t\t\t\t\t<\/div>\n\t\t<\/div>\n\t\t\t\t\t<\/div>\n\t\t<\/section>\n\t\t\t\t<\/div>\n\t\t","protected":false},"excerpt":{"rendered":"<p>Histoire d&rsquo;Unimuse Historique Depuis 1949 Pr\u00e9mices\u00a0 1949. Deux Fran\u00e7ais vivant \u00e0 Tournai, Robert-Lucien Geeraert (1925-1984) et Gilbert Delahaye (1923-1997), fondent Jeune Tournay, section des Jeunes Po\u00e8tes du Hainaut, dont l\u2019objectif est de promouvoir la po\u00e9sie par des r\u00e9citals et de l&rsquo;\u00e9dition. Ils sont rejoints par Maurice G\u00e9rin (1925-1999). D\u00e9cennie 1950 Publication des premi\u00e8res plaquettes de [&hellip;]<\/p>\n","protected":false},"author":2,"featured_media":0,"parent":0,"menu_order":0,"comment_status":"closed","ping_status":"closed","template":"","meta":{"site-sidebar-layout":"no-sidebar","site-content-layout":"page-builder","ast-site-content-layout":"default","site-content-style":"default","site-sidebar-style":"default","ast-global-header-display":"","ast-banner-title-visibility":"","ast-main-header-display":"","ast-hfb-above-header-display":"","ast-hfb-below-header-display":"","ast-hfb-mobile-header-display":"","site-post-title":"disabled","ast-breadcrumbs-content":"","ast-featured-img":"disabled","footer-sml-layout":"","ast-disable-related-posts":"","theme-transparent-header-meta":"enabled","adv-header-id-meta":"","stick-header-meta":"","header-above-stick-meta":"","header-main-stick-meta":"","header-below-stick-meta":"","astra-migrate-meta-layouts":"default","ast-page-background-enabled":"default","ast-page-background-meta":{"desktop":{"background-color":"","background-image":"","background-repeat":"repeat","background-position":"center center","background-size":"auto","background-attachment":"scroll","background-type":"","background-media":"","overlay-type":"","overlay-color":"","overlay-opacity":"","overlay-gradient":""},"tablet":{"background-color":"","background-image":"","background-repeat":"repeat","background-position":"center center","background-size":"auto","background-attachment":"scroll","background-type":"","background-media":"","overlay-type":"","overlay-color":"","overlay-opacity":"","overlay-gradient":""},"mobile":{"background-color":"","background-image":"","background-repeat":"repeat","background-position":"center center","background-size":"auto","background-attachment":"scroll","background-type":"","background-media":"","overlay-type":"","overlay-color":"","overlay-opacity":"","overlay-gradient":""}},"ast-content-background-meta":{"desktop":{"background-color":"var(--ast-global-color-5)","background-image":"","background-repeat":"repeat","background-position":"center center","background-size":"auto","background-attachment":"scroll","background-type":"","background-media":"","overlay-type":"","overlay-color":"","overlay-opacity":"","overlay-gradient":""},"tablet":{"background-color":"var(--ast-global-color-5)","background-image":"","background-repeat":"repeat","background-position":"center center","background-size":"auto","background-attachment":"scroll","background-type":"","background-media":"","overlay-type":"","overlay-color":"","overlay-opacity":"","overlay-gradient":""},"mobile":{"background-color":"var(--ast-global-color-5)","background-image":"","background-repeat":"repeat","background-position":"center center","background-size":"auto","background-attachment":"scroll","background-type":"","background-media":"","overlay-type":"","overlay-color":"","overlay-opacity":"","overlay-gradient":""}},"footnotes":""},"class_list":["post-837","page","type-page","status-publish","hentry"],"_links":{"self":[{"href":"https:\/\/unimuse.net\/index.php\/wp-json\/wp\/v2\/pages\/837","targetHints":{"allow":["GET"]}}],"collection":[{"href":"https:\/\/unimuse.net\/index.php\/wp-json\/wp\/v2\/pages"}],"about":[{"href":"https:\/\/unimuse.net\/index.php\/wp-json\/wp\/v2\/types\/page"}],"author":[{"embeddable":true,"href":"https:\/\/unimuse.net\/index.php\/wp-json\/wp\/v2\/users\/2"}],"replies":[{"embeddable":true,"href":"https:\/\/unimuse.net\/index.php\/wp-json\/wp\/v2\/comments?post=837"}],"version-history":[{"count":41,"href":"https:\/\/unimuse.net\/index.php\/wp-json\/wp\/v2\/pages\/837\/revisions"}],"predecessor-version":[{"id":1223,"href":"https:\/\/unimuse.net\/index.php\/wp-json\/wp\/v2\/pages\/837\/revisions\/1223"}],"wp:attachment":[{"href":"https:\/\/unimuse.net\/index.php\/wp-json\/wp\/v2\/media?parent=837"}],"curies":[{"name":"wp","href":"https:\/\/api.w.org\/{rel}","templated":true}]}}