{"id":542,"date":"2018-11-27T09:17:28","date_gmt":"2018-11-27T08:17:28","guid":{"rendered":"https:\/\/unimuse.net\/index.php\/services\/"},"modified":"2025-01-27T13:21:21","modified_gmt":"2025-01-27T12:21:21","slug":"services","status":"publish","type":"page","link":"https:\/\/unimuse.net\/index.php\/services\/","title":{"rendered":"Lieux de po\u00e9sie"},"content":{"rendered":"\t\t<div data-elementor-type=\"wp-post\" data-elementor-id=\"542\" class=\"elementor elementor-542\">\n\t\t\t\t\t\t<section class=\"elementor-section elementor-top-section elementor-element elementor-element-33a79095 elementor-section-boxed elementor-section-height-default elementor-section-height-default\" data-id=\"33a79095\" data-element_type=\"section\" data-e-type=\"section\" data-settings=\"{&quot;background_background&quot;:&quot;classic&quot;}\">\n\t\t\t\t\t\t\t<div class=\"elementor-background-overlay\"><\/div>\n\t\t\t\t\t\t\t<div class=\"elementor-container elementor-column-gap-default\">\n\t\t\t\t\t<div class=\"elementor-column elementor-col-100 elementor-top-column elementor-element elementor-element-3706530d\" data-id=\"3706530d\" data-element_type=\"column\" data-e-type=\"column\">\n\t\t\t<div class=\"elementor-widget-wrap elementor-element-populated\">\n\t\t\t\t\t\t<div class=\"elementor-element elementor-element-537de1f elementor-widget elementor-widget-heading\" data-id=\"537de1f\" data-element_type=\"widget\" data-e-type=\"widget\" data-widget_type=\"heading.default\">\n\t\t\t\t<div class=\"elementor-widget-container\">\n\t\t\t\t\t<h1 class=\"elementor-heading-title elementor-size-default\">Lieux de po\u00e9sie<\/h1>\t\t\t\t<\/div>\n\t\t\t\t<\/div>\n\t\t\t\t\t<\/div>\n\t\t<\/div>\n\t\t\t\t\t<\/div>\n\t\t<\/section>\n\t\t\t\t<section class=\"elementor-section elementor-top-section elementor-element elementor-element-2dbed9a elementor-section-boxed elementor-section-height-default elementor-section-height-default\" data-id=\"2dbed9a\" data-element_type=\"section\" data-e-type=\"section\">\n\t\t\t\t\t\t<div class=\"elementor-container elementor-column-gap-default\">\n\t\t\t\t\t<div class=\"elementor-column elementor-col-100 elementor-top-column elementor-element elementor-element-1ca627b\" data-id=\"1ca627b\" data-element_type=\"column\" data-e-type=\"column\">\n\t\t\t<div class=\"elementor-widget-wrap elementor-element-populated\">\n\t\t\t\t\t\t<div class=\"elementor-element elementor-element-42fd904 elementor-widget elementor-widget-heading\" data-id=\"42fd904\" data-element_type=\"widget\" data-e-type=\"widget\" data-widget_type=\"heading.default\">\n\t\t\t\t<div class=\"elementor-widget-container\">\n\t\t\t\t\t<h2 class=\"elementor-heading-title elementor-size-default\">Des lieux de po\u00e9sie<\/h2>\t\t\t\t<\/div>\n\t\t\t\t<\/div>\n\t\t\t\t<div class=\"elementor-element elementor-element-432499d elementor-widget-divider--view-line elementor-widget elementor-widget-divider\" data-id=\"432499d\" data-element_type=\"widget\" data-e-type=\"widget\" data-widget_type=\"divider.default\">\n\t\t\t\t<div class=\"elementor-widget-container\">\n\t\t\t\t\t\t\t<div class=\"elementor-divider\">\n\t\t\t<span class=\"elementor-divider-separator\">\n\t\t\t\t\t\t<\/span>\n\t\t<\/div>\n\t\t\t\t\t\t<\/div>\n\t\t\t\t<\/div>\n\t\t\t\t<div class=\"elementor-element elementor-element-8dff22f elementor-widget elementor-widget-text-editor\" data-id=\"8dff22f\" data-element_type=\"widget\" data-e-type=\"widget\" data-widget_type=\"text-editor.default\">\n\t\t\t\t<div class=\"elementor-widget-container\">\n\t\t\t\t\t\t\t\t\t<p>\u00c0 Tournai et dans ses environs, des lieux ont \u00e9t\u00e9 consacr\u00e9s aux po\u00e8tes et \u00e0 la po\u00e9sie\u2026<\/p>\t\t\t\t\t\t\t\t<\/div>\n\t\t\t\t<\/div>\n\t\t\t\t\t<\/div>\n\t\t<\/div>\n\t\t\t\t\t<\/div>\n\t\t<\/section>\n\t\t\t\t<section class=\"elementor-section elementor-inner-section elementor-element elementor-element-d6c60ea elementor-section-boxed elementor-section-height-default elementor-section-height-default\" data-id=\"d6c60ea\" data-element_type=\"section\" data-e-type=\"section\">\n\t\t\t\t\t\t<div class=\"elementor-container elementor-column-gap-default\">\n\t\t\t\t\t<div class=\"elementor-column elementor-col-50 elementor-inner-column elementor-element elementor-element-f20a204\" data-id=\"f20a204\" data-element_type=\"column\" data-e-type=\"column\">\n\t\t\t<div class=\"elementor-widget-wrap elementor-element-populated\">\n\t\t\t\t\t\t<div class=\"elementor-element elementor-element-bfd172b elementor-widget elementor-widget-image\" data-id=\"bfd172b\" data-element_type=\"widget\" data-e-type=\"widget\" data-widget_type=\"image.default\">\n\t\t\t\t<div class=\"elementor-widget-container\">\n\t\t\t\t\t\t\t\t\t\t\t\t\t\t\t\t<a href=\"https:\/\/unimuse.net\/index.php\/2025\/01\/27\/le-chemin-des-poetes-au-mont-saint-aubert\/\">\n\t\t\t\t\t\t\t<img fetchpriority=\"high\" decoding=\"async\" width=\"1024\" height=\"576\" src=\"https:\/\/unimuse.net\/wp-content\/uploads\/2022\/09\/SENTIER-POETESweb-1024x576.jpg\" class=\"attachment-large size-large wp-image-1039\" alt=\"Le Sentier des Po\u00e8tes au Mont-Saint-Aubert\" srcset=\"https:\/\/unimuse.net\/wp-content\/uploads\/2022\/09\/SENTIER-POETESweb-1024x576.jpg 1024w, https:\/\/unimuse.net\/wp-content\/uploads\/2022\/09\/SENTIER-POETESweb-300x169.jpg 300w, https:\/\/unimuse.net\/wp-content\/uploads\/2022\/09\/SENTIER-POETESweb-768x432.jpg 768w, https:\/\/unimuse.net\/wp-content\/uploads\/2022\/09\/SENTIER-POETESweb.jpg 1044w\" sizes=\"(max-width: 1024px) 100vw, 1024px\" \/>\t\t\t\t\t\t\t\t<\/a>\n\t\t\t\t\t\t\t\t\t\t\t\t\t\t\t<\/div>\n\t\t\t\t<\/div>\n\t\t\t\t<div class=\"elementor-element elementor-element-d0c44fe elementor-widget elementor-widget-image-box\" data-id=\"d0c44fe\" data-element_type=\"widget\" data-e-type=\"widget\" data-widget_type=\"image-box.default\">\n\t\t\t\t<div class=\"elementor-widget-container\">\n\t\t\t\t\t<div class=\"elementor-image-box-wrapper\"><div class=\"elementor-image-box-content\"><h5 class=\"elementor-image-box-title\"><a href=\"https:\/\/unimuse.net\/index.php\/2025\/01\/27\/le-chemin-des-poetes-au-mont-saint-aubert\/\">Le Chemin des Po\u00e8tes<\/a><\/h5><p class=\"elementor-image-box-description\">\"1998 voit le d\u00e9but de l\u2019am\u00e9nagement du Chemin des Po\u00e8tes, \u2026<\/p><\/div><\/div>\t\t\t\t<\/div>\n\t\t\t\t<\/div>\n\t\t\t\t\t<\/div>\n\t\t<\/div>\n\t\t\t\t<div class=\"elementor-column elementor-col-50 elementor-inner-column elementor-element elementor-element-bce40d9\" data-id=\"bce40d9\" data-element_type=\"column\" data-e-type=\"column\">\n\t\t\t<div class=\"elementor-widget-wrap elementor-element-populated\">\n\t\t\t\t\t\t<div class=\"elementor-element elementor-element-cce00ea elementor-widget elementor-widget-image\" data-id=\"cce00ea\" data-element_type=\"widget\" data-e-type=\"widget\" data-widget_type=\"image.default\">\n\t\t\t\t<div class=\"elementor-widget-container\">\n\t\t\t\t\t\t\t\t\t\t\t\t\t\t\t\t<a href=\"https:\/\/unimuse.net\/index.php\/2025\/01\/27\/aux-abords-de-27-arbres-remarquables-de-la-ville\/\">\n\t\t\t\t\t\t\t<img decoding=\"async\" width=\"1024\" height=\"768\" src=\"https:\/\/unimuse.net\/wp-content\/uploads\/2024\/12\/1.1.22.2.-Arbre-22-Vernes-Henri-Cimetiere-du-Sud-JL-I-Sophora-DSCF7938-1-1024x768.jpg\" class=\"attachment-large size-large wp-image-1163\" alt=\"arbre remarquable\" srcset=\"https:\/\/unimuse.net\/wp-content\/uploads\/2024\/12\/1.1.22.2.-Arbre-22-Vernes-Henri-Cimetiere-du-Sud-JL-I-Sophora-DSCF7938-1-1024x768.jpg 1024w, https:\/\/unimuse.net\/wp-content\/uploads\/2024\/12\/1.1.22.2.-Arbre-22-Vernes-Henri-Cimetiere-du-Sud-JL-I-Sophora-DSCF7938-1-300x225.jpg 300w, https:\/\/unimuse.net\/wp-content\/uploads\/2024\/12\/1.1.22.2.-Arbre-22-Vernes-Henri-Cimetiere-du-Sud-JL-I-Sophora-DSCF7938-1-768x576.jpg 768w, https:\/\/unimuse.net\/wp-content\/uploads\/2024\/12\/1.1.22.2.-Arbre-22-Vernes-Henri-Cimetiere-du-Sud-JL-I-Sophora-DSCF7938-1-1536x1152.jpg 1536w, https:\/\/unimuse.net\/wp-content\/uploads\/2024\/12\/1.1.22.2.-Arbre-22-Vernes-Henri-Cimetiere-du-Sud-JL-I-Sophora-DSCF7938-1-2048x1536.jpg 2048w\" sizes=\"(max-width: 1024px) 100vw, 1024px\" \/>\t\t\t\t\t\t\t\t<\/a>\n\t\t\t\t\t\t\t\t\t\t\t\t\t\t\t<\/div>\n\t\t\t\t<\/div>\n\t\t\t\t<div class=\"elementor-element elementor-element-c17baf9 elementor-widget elementor-widget-image-box\" data-id=\"c17baf9\" data-element_type=\"widget\" data-e-type=\"widget\" data-widget_type=\"image-box.default\">\n\t\t\t\t<div class=\"elementor-widget-container\">\n\t\t\t\t\t<div class=\"elementor-image-box-wrapper\"><div class=\"elementor-image-box-content\"><h5 class=\"elementor-image-box-title\"><a href=\"https:\/\/unimuse.net\/index.php\/2025\/01\/27\/aux-abords-de-27-arbres-remarquables-de-la-ville\/\">Aux abords de 27 arbres remarquables de la Ville<\/a><\/h5><p class=\"elementor-image-box-description\">Installer, aupr\u00e8s des arbres remarquables de la ville, des panneaux p\u00e9dagogiques\u2026<\/p><\/div><\/div>\t\t\t\t<\/div>\n\t\t\t\t<\/div>\n\t\t\t\t\t<\/div>\n\t\t<\/div>\n\t\t\t\t\t<\/div>\n\t\t<\/section>\n\t\t\t\t<section class=\"elementor-section elementor-top-section elementor-element elementor-element-9354741 elementor-section-boxed elementor-section-height-default elementor-section-height-default\" data-id=\"9354741\" data-element_type=\"section\" data-e-type=\"section\">\n\t\t\t\t\t\t<div class=\"elementor-container elementor-column-gap-default\">\n\t\t\t\t\t<div class=\"elementor-column elementor-col-50 elementor-top-column elementor-element elementor-element-adad7a8\" data-id=\"adad7a8\" data-element_type=\"column\" data-e-type=\"column\">\n\t\t\t<div class=\"elementor-widget-wrap elementor-element-populated\">\n\t\t\t\t\t\t<div class=\"elementor-element elementor-element-2883823 elementor-widget elementor-widget-image\" data-id=\"2883823\" data-element_type=\"widget\" data-e-type=\"widget\" data-widget_type=\"image.default\">\n\t\t\t\t<div class=\"elementor-widget-container\">\n\t\t\t\t\t\t\t\t\t\t\t\t\t\t\t\t<a href=\"https:\/\/unimuse.net\/index.php\/2025\/01\/27\/le-jardin-des-poetes-au-mont-saint-aubert\/\">\n\t\t\t\t\t\t\t<img decoding=\"async\" width=\"1024\" height=\"768\" src=\"https:\/\/unimuse.net\/wp-content\/uploads\/2024\/12\/2.4.-Mont-Saint-Aubert-Jardin-des-Poetes-14-1024x768.jpg\" class=\"attachment-large size-large wp-image-1164\" alt=\"Jardin des po\u00e8tes Mont-Saint-Aubert\" srcset=\"https:\/\/unimuse.net\/wp-content\/uploads\/2024\/12\/2.4.-Mont-Saint-Aubert-Jardin-des-Poetes-14-1024x768.jpg 1024w, https:\/\/unimuse.net\/wp-content\/uploads\/2024\/12\/2.4.-Mont-Saint-Aubert-Jardin-des-Poetes-14-300x225.jpg 300w, https:\/\/unimuse.net\/wp-content\/uploads\/2024\/12\/2.4.-Mont-Saint-Aubert-Jardin-des-Poetes-14-768x576.jpg 768w, https:\/\/unimuse.net\/wp-content\/uploads\/2024\/12\/2.4.-Mont-Saint-Aubert-Jardin-des-Poetes-14-1536x1152.jpg 1536w, https:\/\/unimuse.net\/wp-content\/uploads\/2024\/12\/2.4.-Mont-Saint-Aubert-Jardin-des-Poetes-14-2048x1536.jpg 2048w\" sizes=\"(max-width: 1024px) 100vw, 1024px\" \/>\t\t\t\t\t\t\t\t<\/a>\n\t\t\t\t\t\t\t\t\t\t\t\t\t\t\t<\/div>\n\t\t\t\t<\/div>\n\t\t\t\t<div class=\"elementor-element elementor-element-d62dda8 elementor-widget elementor-widget-image-box\" data-id=\"d62dda8\" data-element_type=\"widget\" data-e-type=\"widget\" data-widget_type=\"image-box.default\">\n\t\t\t\t<div class=\"elementor-widget-container\">\n\t\t\t\t\t<div class=\"elementor-image-box-wrapper\"><div class=\"elementor-image-box-content\"><h5 class=\"elementor-image-box-title\"><a href=\"https:\/\/unimuse.net\/index.php\/2025\/01\/27\/le-jardin-des-poetes-au-mont-saint-aubert\/\">Le Jardin des Po\u00e8tes, au Mont-Saint-Aubert<\/a><\/h5><p class=\"elementor-image-box-description\">Une parcelle du cimeti\u00e8re du Mont-Saint-Aubert est r\u00e9serv\u00e9e \u00e0 l\u2019inhumation de po\u00e8te.sse.s et de leur conjoint ou conjointe\u00a0: une originalit\u00e9 pour la partie francophone de la Belgique.<\/p><\/div><\/div>\t\t\t\t<\/div>\n\t\t\t\t<\/div>\n\t\t\t\t\t<\/div>\n\t\t<\/div>\n\t\t\t\t<div class=\"elementor-column elementor-col-50 elementor-top-column elementor-element elementor-element-1ed9bc8\" data-id=\"1ed9bc8\" data-element_type=\"column\" data-e-type=\"column\">\n\t\t\t<div class=\"elementor-widget-wrap elementor-element-populated\">\n\t\t\t\t\t\t<div class=\"elementor-element elementor-element-a3a485d elementor-widget elementor-widget-image\" data-id=\"a3a485d\" data-element_type=\"widget\" data-e-type=\"widget\" data-widget_type=\"image.default\">\n\t\t\t\t<div class=\"elementor-widget-container\">\n\t\t\t\t\t\t\t\t\t\t\t\t\t\t\t\t<a href=\"https:\/\/unimuse.net\/index.php\/2025\/01\/27\/les-totems-des-tombes-ossuaires-dans-les-cimetieres-tournaisiens\/\">\n\t\t\t\t\t\t\t<img loading=\"lazy\" decoding=\"async\" width=\"683\" height=\"1024\" src=\"https:\/\/unimuse.net\/wp-content\/uploads\/2024\/12\/4.1.11.1.1.-Ossuaire-Legge-Jacky-Cimetiere-de-Kain-JL-I-_0037-683x1024.jpg\" class=\"attachment-large size-large wp-image-1165\" alt=\"Totem des tombes ossuaires\" srcset=\"https:\/\/unimuse.net\/wp-content\/uploads\/2024\/12\/4.1.11.1.1.-Ossuaire-Legge-Jacky-Cimetiere-de-Kain-JL-I-_0037-683x1024.jpg 683w, https:\/\/unimuse.net\/wp-content\/uploads\/2024\/12\/4.1.11.1.1.-Ossuaire-Legge-Jacky-Cimetiere-de-Kain-JL-I-_0037-200x300.jpg 200w, https:\/\/unimuse.net\/wp-content\/uploads\/2024\/12\/4.1.11.1.1.-Ossuaire-Legge-Jacky-Cimetiere-de-Kain-JL-I-_0037-768x1152.jpg 768w, https:\/\/unimuse.net\/wp-content\/uploads\/2024\/12\/4.1.11.1.1.-Ossuaire-Legge-Jacky-Cimetiere-de-Kain-JL-I-_0037-1024x1536.jpg 1024w, https:\/\/unimuse.net\/wp-content\/uploads\/2024\/12\/4.1.11.1.1.-Ossuaire-Legge-Jacky-Cimetiere-de-Kain-JL-I-_0037-1365x2048.jpg 1365w, https:\/\/unimuse.net\/wp-content\/uploads\/2024\/12\/4.1.11.1.1.-Ossuaire-Legge-Jacky-Cimetiere-de-Kain-JL-I-_0037-scaled.jpg 1707w\" sizes=\"(max-width: 683px) 100vw, 683px\" \/>\t\t\t\t\t\t\t\t<\/a>\n\t\t\t\t\t\t\t\t\t\t\t\t\t\t\t<\/div>\n\t\t\t\t<\/div>\n\t\t\t\t<div class=\"elementor-element elementor-element-cc48294 elementor-widget elementor-widget-image-box\" data-id=\"cc48294\" data-element_type=\"widget\" data-e-type=\"widget\" data-widget_type=\"image-box.default\">\n\t\t\t\t<div class=\"elementor-widget-container\">\n\t\t\t\t\t<div class=\"elementor-image-box-wrapper\"><div class=\"elementor-image-box-content\"><h5 class=\"elementor-image-box-title\"><a href=\"https:\/\/unimuse.net\/index.php\/2025\/01\/27\/les-totems-des-tombes-ossuaires-dans-les-cimetieres-tournaisiens\/\">Les totems des tombes ossuaires dans les cimeti\u00e8res tournaisiens<\/a><\/h5><p class=\"elementor-image-box-description\">Pour respecter les exigences wallonnes, la Ville de Tournai a cr\u00e9\u00e9 au moins un ossuaire dans chacun des 34 cimeti\u00e8res qu\u2019elle g\u00e8re\u2026<\/p><\/div><\/div>\t\t\t\t<\/div>\n\t\t\t\t<\/div>\n\t\t\t\t\t<\/div>\n\t\t<\/div>\n\t\t\t\t\t<\/div>\n\t\t<\/section>\n\t\t\t\t<section class=\"elementor-section elementor-top-section elementor-element elementor-element-963db87 elementor-section-boxed elementor-section-height-default elementor-section-height-default\" data-id=\"963db87\" data-element_type=\"section\" data-e-type=\"section\">\n\t\t\t\t\t\t<div class=\"elementor-container elementor-column-gap-default\">\n\t\t\t\t\t<div class=\"elementor-column elementor-col-50 elementor-top-column elementor-element elementor-element-8c5919d\" data-id=\"8c5919d\" data-element_type=\"column\" data-e-type=\"column\">\n\t\t\t<div class=\"elementor-widget-wrap elementor-element-populated\">\n\t\t\t\t\t\t<div class=\"elementor-element elementor-element-aa8b06f elementor-widget elementor-widget-image\" data-id=\"aa8b06f\" data-element_type=\"widget\" data-e-type=\"widget\" data-widget_type=\"image.default\">\n\t\t\t\t<div class=\"elementor-widget-container\">\n\t\t\t\t\t\t\t\t\t\t\t\t\t\t\t\t<a href=\"https:\/\/unimuse.net\/index.php\/2025\/01\/27\/espace-a-tire-dame-au-mont-saint-aubert\/\">\n\t\t\t\t\t\t\t<img loading=\"lazy\" decoding=\"async\" width=\"1024\" height=\"709\" src=\"https:\/\/unimuse.net\/wp-content\/uploads\/2024\/12\/2.6.2.-Lison-Violaine-Mont-Saint-Aubert-bon2-1-1024x709.jpg\" class=\"attachment-large size-large wp-image-1166\" alt=\"Lison Violaine, Mont-Saint-Aubert\" srcset=\"https:\/\/unimuse.net\/wp-content\/uploads\/2024\/12\/2.6.2.-Lison-Violaine-Mont-Saint-Aubert-bon2-1-1024x709.jpg 1024w, https:\/\/unimuse.net\/wp-content\/uploads\/2024\/12\/2.6.2.-Lison-Violaine-Mont-Saint-Aubert-bon2-1-300x208.jpg 300w, https:\/\/unimuse.net\/wp-content\/uploads\/2024\/12\/2.6.2.-Lison-Violaine-Mont-Saint-Aubert-bon2-1-768x532.jpg 768w, https:\/\/unimuse.net\/wp-content\/uploads\/2024\/12\/2.6.2.-Lison-Violaine-Mont-Saint-Aubert-bon2-1-1536x1063.jpg 1536w, https:\/\/unimuse.net\/wp-content\/uploads\/2024\/12\/2.6.2.-Lison-Violaine-Mont-Saint-Aubert-bon2-1-2048x1418.jpg 2048w\" sizes=\"(max-width: 1024px) 100vw, 1024px\" \/>\t\t\t\t\t\t\t\t<\/a>\n\t\t\t\t\t\t\t\t\t\t\t\t\t\t\t<\/div>\n\t\t\t\t<\/div>\n\t\t\t\t<div class=\"elementor-element elementor-element-ecde052 elementor-widget elementor-widget-image-box\" data-id=\"ecde052\" data-element_type=\"widget\" data-e-type=\"widget\" data-widget_type=\"image-box.default\">\n\t\t\t\t<div class=\"elementor-widget-container\">\n\t\t\t\t\t<div class=\"elementor-image-box-wrapper\"><div class=\"elementor-image-box-content\"><h5 class=\"elementor-image-box-title\"><a href=\"https:\/\/unimuse.net\/index.php\/2025\/01\/27\/espace-a-tire-dame-au-mont-saint-aubert\/\">Espace \u00c0\u00a0tire-d\u2019\u00e2me, au Mont-Saint-Aubert<\/a><\/h5><p class=\"elementor-image-box-description\">L\u2019\u00e9pid\u00e9mie du Coronavirus emp\u00eacha beaucoup de citoyens de vivre leur deuil de mani\u00e8re accoutum\u00e9e (veill\u00e9e, fun\u00e9railles, rassemblement\u2026), cr\u00e9ant de nombreuses et profondes frustrations\u2026 <\/p><\/div><\/div>\t\t\t\t<\/div>\n\t\t\t\t<\/div>\n\t\t\t\t\t<\/div>\n\t\t<\/div>\n\t\t\t\t<div class=\"elementor-column elementor-col-50 elementor-top-column elementor-element elementor-element-4888264\" data-id=\"4888264\" data-element_type=\"column\" data-e-type=\"column\">\n\t\t\t<div class=\"elementor-widget-wrap\">\n\t\t\t\t\t\t\t<\/div>\n\t\t<\/div>\n\t\t\t\t\t<\/div>\n\t\t<\/section>\n\t\t\t\t<\/div>\n\t\t","protected":false},"excerpt":{"rendered":"<p>Lieux de po\u00e9sie Des lieux de po\u00e9sie \u00c0 Tournai et dans ses environs, des lieux ont \u00e9t\u00e9 consacr\u00e9s aux po\u00e8tes et \u00e0 la po\u00e9sie\u2026 Le Chemin des Po\u00e8tes \u00ab\u00a01998 voit le d\u00e9but de l\u2019am\u00e9nagement du Chemin des Po\u00e8tes, \u2026 Aux abords de 27 arbres remarquables de la Ville Installer, aupr\u00e8s des arbres remarquables de la [&hellip;]<\/p>\n","protected":false},"author":2,"featured_media":0,"parent":0,"menu_order":0,"comment_status":"closed","ping_status":"closed","template":"","meta":{"site-sidebar-layout":"no-sidebar","site-content-layout":"page-builder","ast-site-content-layout":"default","site-content-style":"default","site-sidebar-style":"default","ast-global-header-display":"","ast-banner-title-visibility":"","ast-main-header-display":"","ast-hfb-above-header-display":"","ast-hfb-below-header-display":"","ast-hfb-mobile-header-display":"","site-post-title":"disabled","ast-breadcrumbs-content":"","ast-featured-img":"","footer-sml-layout":"","ast-disable-related-posts":"","theme-transparent-header-meta":"enabled","adv-header-id-meta":"","stick-header-meta":"","header-above-stick-meta":"","header-main-stick-meta":"","header-below-stick-meta":"","astra-migrate-meta-layouts":"default","ast-page-background-enabled":"default","ast-page-background-meta":{"desktop":{"background-color":"","background-image":"","background-repeat":"repeat","background-position":"center center","background-size":"auto","background-attachment":"scroll","background-type":"","background-media":"","overlay-type":"","overlay-color":"","overlay-opacity":"","overlay-gradient":""},"tablet":{"background-color":"","background-image":"","background-repeat":"repeat","background-position":"center center","background-size":"auto","background-attachment":"scroll","background-type":"","background-media":"","overlay-type":"","overlay-color":"","overlay-opacity":"","overlay-gradient":""},"mobile":{"background-color":"","background-image":"","background-repeat":"repeat","background-position":"center center","background-size":"auto","background-attachment":"scroll","background-type":"","background-media":"","overlay-type":"","overlay-color":"","overlay-opacity":"","overlay-gradient":""}},"ast-content-background-meta":{"desktop":{"background-color":"var(--ast-global-color-5)","background-image":"","background-repeat":"repeat","background-position":"center center","background-size":"auto","background-attachment":"scroll","background-type":"","background-media":"","overlay-type":"","overlay-color":"","overlay-opacity":"","overlay-gradient":""},"tablet":{"background-color":"var(--ast-global-color-5)","background-image":"","background-repeat":"repeat","background-position":"center center","background-size":"auto","background-attachment":"scroll","background-type":"","background-media":"","overlay-type":"","overlay-color":"","overlay-opacity":"","overlay-gradient":""},"mobile":{"background-color":"var(--ast-global-color-5)","background-image":"","background-repeat":"repeat","background-position":"center center","background-size":"auto","background-attachment":"scroll","background-type":"","background-media":"","overlay-type":"","overlay-color":"","overlay-opacity":"","overlay-gradient":""}},"footnotes":""},"class_list":["post-542","page","type-page","status-publish","hentry"],"_links":{"self":[{"href":"https:\/\/unimuse.net\/index.php\/wp-json\/wp\/v2\/pages\/542","targetHints":{"allow":["GET"]}}],"collection":[{"href":"https:\/\/unimuse.net\/index.php\/wp-json\/wp\/v2\/pages"}],"about":[{"href":"https:\/\/unimuse.net\/index.php\/wp-json\/wp\/v2\/types\/page"}],"author":[{"embeddable":true,"href":"https:\/\/unimuse.net\/index.php\/wp-json\/wp\/v2\/users\/2"}],"replies":[{"embeddable":true,"href":"https:\/\/unimuse.net\/index.php\/wp-json\/wp\/v2\/comments?post=542"}],"version-history":[{"count":61,"href":"https:\/\/unimuse.net\/index.php\/wp-json\/wp\/v2\/pages\/542\/revisions"}],"predecessor-version":[{"id":1214,"href":"https:\/\/unimuse.net\/index.php\/wp-json\/wp\/v2\/pages\/542\/revisions\/1214"}],"wp:attachment":[{"href":"https:\/\/unimuse.net\/index.php\/wp-json\/wp\/v2\/media?parent=542"}],"curies":[{"name":"wp","href":"https:\/\/api.w.org\/{rel}","templated":true}]}}